{"id":18,"date":"2017-10-21T23:23:38","date_gmt":"2017-10-21T21:23:38","guid":{"rendered":"http:\/\/www.gcarolan.com\/?page_id=18"},"modified":"2020-02-05T12:40:04","modified_gmt":"2020-02-05T11:40:04","slug":"vita","status":"publish","type":"page","link":"http:\/\/www.gcarolan.com\/index.php\/vita\/","title":{"rendered":"Vita"},"content":{"rendered":"<div class=\"content-wrapper\">\n<section class=\"main-content\" role=\"main\">\n<div id=\"article-131\" class=\"mod_article first last block\">\n<div class=\"rs-columns ce_rs_columns_start\">\n<div class=\"rs-column -large-col-3-2 -large-last -large-first-row -medium-col-3-2 -medium-last -medium-first-row -small-col-3-2 -small-last -small-first-row\">\n<div class=\"ce_text block\">\n<p style=\"text-align: left;\"><img decoding=\"async\" loading=\"lazy\" class=\"size-medium wp-image-51 alignleft\" src=\"http:\/\/www.gcarolan.com\/wp-content\/uploads\/2017\/10\/Gabriel-Hern\u00e1ndez-Westpfahl-200x300.jpg\" alt=\"\" width=\"200\" height=\"300\" srcset=\"http:\/\/www.gcarolan.com\/wp-content\/uploads\/2017\/10\/Gabriel-Hern\u00e1ndez-Westpfahl-200x300.jpg 200w, http:\/\/www.gcarolan.com\/wp-content\/uploads\/2017\/10\/Gabriel-Hern\u00e1ndez-Westpfahl-768x1151.jpg 768w, http:\/\/www.gcarolan.com\/wp-content\/uploads\/2017\/10\/Gabriel-Hern\u00e1ndez-Westpfahl-684x1024.jpg 684w, http:\/\/www.gcarolan.com\/wp-content\/uploads\/2017\/10\/Gabriel-Hern\u00e1ndez-Westpfahl-1200x1798.jpg 1200w\" sizes=\"(max-width: 200px) 85vw, 200px\" \/><\/p>\n<p align=\"JUSTIFY\">Der in Valladolid (Spanien) geborene Gitarrist <strong>Gabriel C\u00e1rolan Hern\u00e1ndez Westpfahl<\/strong> begleitet fr\u00fch seinen Vater <strong>Jos\u00e9 Ignacio H. Toquero<\/strong> bei Konzerten dessen selbst komponierter und dem Jakobs-Pilgerweg gewidmeten Musik. Nach dem Bau der eigenen Gitarre beim renomierten Gitarrenbauer <strong>Kolya Panhuyzen<\/strong> absolviert er erfolgreich das k\u00fcnstlerisch-p\u00e4dagogische Bachelor-Studium an der Hochschule f\u00fcr Musik Freiburg bei <strong>Prof. Sonja Prunnbauer<\/strong> sowie das k\u00fcnstlerische Master-Studium an der Hochschule f\u00fcr Musik &amp; Theater Hamburg bei <strong>Prof. Jens Wagner<\/strong> (Konzertgitarre) sowie <strong>Tom Hickstein<\/strong> (Flamencogitarre). Schwerpunkt beim Master-Studium war die spanische Gitarre in den verschiedenen Facetten, als Konzert-, Barock- und Flamenco-Gitarre sowie als Begleiterin von Gesang und Tanz gewesen. Dazu vertiefend wirkte das Erasmus-Auslandssemester in Sevilla (Spanien) am Conservatorio Superior de M\u00fasica \u201eManuel Castillo\u201c bei <strong>Prof. Jes\u00fas Pineda<\/strong> (Konzertgitarre) und <strong>Prof. Juan Carlos Rivera<\/strong> (Barockgitarre).<\/p>\n<p align=\"JUSTIFY\">Seit fr\u00fchester Kindheit ist Gabriel C\u00e1rolan Hern\u00e1ndez Westpfahl fasziniert von der Vielfalt der farbenfrohen Musik seines Heimatlandes Spanien. Woher stammt diese farbenfrohe Vielfalt? Sie ist sicherlich Erbe des kulturellen Schmelztiegels, besonders in Andalusien: die acht Jahrhunderte w\u00e4hrende islamisch-arabische Zeit, die Juden (Sepharden) sowie der Kontakt und Austausch mit den Kulturen im Mittelmeer-Raum, die Zigeuner (urspr\u00fcnglich aus Indien) und schlie\u00dflich der Austausch mit der Neuen Welt (verschiedenste amerikanische indigene Kulturen sowie die vielf\u00e4ltigen Kulturen afrikanischer Sklaven). Diese multikulturelle Vielfalt macht die \u201eexotische\u201c, gleichzeitig aber auch attraktive und faszinierende Klangwelt Spaniens aus.<\/p>\n<p>_________________________________________________________<\/p>\n<p align=\"JUSTIFY\">Nacido en Valladolid (Espa\u00f1a), el guitarrista <strong>Gabriel C\u00e1rolan Hern\u00e1ndez Westpfahl<\/strong> <span lang=\"es-ES\">comienza muy pronto <\/span>a acompa\u00f1ar a su padre <strong>Jos\u00e9 Ignacio H. Toquero<\/strong> en <span lang=\"es-ES\">lo<\/span>s conciertos <span lang=\"es-ES\">que ofrece con su propia m\u00fasica dedicada al Camino de Santiago<\/span>. <span lang=\"es-ES\">Habi\u00e9ndose c<\/span>onstru<span lang=\"es-ES\">\u00ed<\/span>do su propia guitarra <span lang=\"es-ES\">bajo la <\/span>guia <span style=\"color: #000000;\"><span lang=\"es-ES\">y direcci\u00f3n<\/span><\/span> <span lang=\"es-ES\">d<\/span>el prestigioso luthier guitarrero <strong>Kolya Panhuyzen<\/strong>, el joven guitarrista <span lang=\"es-ES\">contin\u00faa<\/span> como int\u00e9rprete sus estudios de grado en el <span lang=\"es-ES\">C<\/span>onservatorio <span lang=\"es-ES\">S<\/span>uperior de <span lang=\"es-ES\">M<\/span>\u00fasica de Freiburg (Alemania) con <strong>Sonja Prunnbauer<\/strong><span lang=\"es-ES\">, estudios que culmina con su Master <\/span>en el conservatorio superior de Hamburg (Alemania) con <strong>Jens Wagner<\/strong> (guitarra cl\u00e1sica) y <strong>Tom Hickstein<\/strong> (guitarra flamenca). Tema central de su <span lang=\"es-ES\">Master<\/span> es la guitarra espa\u00f1ola <span lang=\"es-ES\">en<\/span> sus di<span lang=\"es-ES\">vers<\/span>as facetas<span lang=\"es-ES\">,<\/span> como guitarra cl\u00e1sica, barroca y flamenca<span lang=\"es-ES\">,<\/span> as\u00ed como acompa\u00f1a<span lang=\"es-ES\">nte del<\/span> baile y <span lang=\"es-ES\">el <\/span>cante. En su <span lang=\"es-ES\">ampliaci\u00f3n de estudios <\/span>en Sevilla (Espa\u00f1a) profundiza sobre la guitarra espa\u00f1ola en el <span lang=\"es-ES\">C<\/span>onservatorio <span lang=\"es-ES\">S<\/span>uperior &#8222;Manuel Castillo&#8220; con <strong>Jes\u00fas Pineda<\/strong> (guitarra cl\u00e1sica) y <strong>Juan Carlos Rivera<\/strong> (guitarra barroca).<\/p>\n<p align=\"JUSTIFY\">Ya <span lang=\"es-ES\">desde<\/span> temprana edad Gabriel C\u00e1rolan Hern\u00e1ndez Westpfahl <span lang=\"es-ES\">se siente fascinado<\/span> <span lang=\"es-ES\">por<\/span> la riqueza musical de su pa\u00eds natal Espa\u00f1a. \u00bfA qu\u00e9 se debe esa riqueza de aires musicales de todo tipo de colores? Seguramente de su herencia cultural <span lang=\"es-ES\">cargada de <\/span>mestizaje, especialmente en Andaluc\u00eda: ocho siglos de la Espa\u00f1a mus<span lang=\"es-ES\">u<\/span>lmana<span lang=\"es-ES\"> (al-\u00c1ndalus)<\/span>, l<span lang=\"es-ES\">a herencia judeo-espa\u00f1ola (Sefarad),<\/span> as\u00ed como el contacto e intercambio con las culturas mediterr\u00e1neas, los gitanos (origina<span lang=\"es-ES\">rios<\/span> de la India) y final<span lang=\"es-ES\">mente y de forma muy especial<\/span> el intercambio con el Nuevo Mundo (distintas culturas ind\u00edgenas de la Am\u00e9rica precolombina as\u00ed como las de los esclavos africanos<span lang=\"es-ES\"> de m\u00faltiples procedencias<\/span>). Esa riqueza multicultural seguramente constituye y caracteriza los sonidos <span lang=\"es-ES\">m\u00e1s <\/span>ex\u00f3ticos y al mismo tiempo atractivos y fascinantes de la m\u00fasica espa\u00f1ola.<\/p>\n<\/div>\n<\/div>\n<\/div>\n<\/div>\n<\/section>\n<\/div>\n","protected":false},"excerpt":{"rendered":"<p>Der in Valladolid (Spanien) geborene Gitarrist Gabriel C\u00e1rolan Hern\u00e1ndez Westpfahl begleitet fr\u00fch seinen Vater Jos\u00e9 Ignacio H. Toquero bei Konzerten dessen selbst komponierter und dem Jakobs-Pilgerweg gewidmeten Musik. Nach dem Bau der eigenen Gitarre beim renomierten Gitarrenbauer Kolya Panhuyzen absolviert er erfolgreich das k\u00fcnstlerisch-p\u00e4dagogische Bachelor-Studium an der Hochschule f\u00fcr Musik Freiburg bei Prof. Sonja Prunnbauer &hellip; <a href=\"http:\/\/www.gcarolan.com\/index.php\/vita\/\" class=\"more-link\"><span class=\"screen-reader-text\">\u201eVita\u201c<\/span> weiterlesen<\/a><\/p>\n","protected":false},"author":1,"featured_media":0,"parent":0,"menu_order":0,"comment_status":"closed","ping_status":"closed","template":"","meta":[],"_links":{"self":[{"href":"http:\/\/www.gcarolan.com\/index.php\/wp-json\/wp\/v2\/pages\/18"}],"collection":[{"href":"http:\/\/www.gcarolan.com\/index.php\/wp-json\/wp\/v2\/pages"}],"about":[{"href":"http:\/\/www.gcarolan.com\/index.php\/wp-json\/wp\/v2\/types\/page"}],"author":[{"embeddable":true,"href":"http:\/\/www.gcarolan.com\/index.php\/wp-json\/wp\/v2\/users\/1"}],"replies":[{"embeddable":true,"href":"http:\/\/www.gcarolan.com\/index.php\/wp-json\/wp\/v2\/comments?post=18"}],"version-history":[{"count":5,"href":"http:\/\/www.gcarolan.com\/index.php\/wp-json\/wp\/v2\/pages\/18\/revisions"}],"predecessor-version":[{"id":75,"href":"http:\/\/www.gcarolan.com\/index.php\/wp-json\/wp\/v2\/pages\/18\/revisions\/75"}],"wp:attachment":[{"href":"http:\/\/www.gcarolan.com\/index.php\/wp-json\/wp\/v2\/media?parent=18"}],"curies":[{"name":"wp","href":"https:\/\/api.w.org\/{rel}","templated":true}]}}